{"id":3060,"date":"2026-02-03T12:03:19","date_gmt":"2026-02-03T12:03:19","guid":{"rendered":"https:\/\/axtra.d4design.dev\/sustainability\/"},"modified":"2026-03-17T20:17:51","modified_gmt":"2026-03-17T20:17:51","slug":"nachhaltigkeit","status":"publish","type":"page","link":"https:\/\/axtra.ch\/de\/nachhaltigkeit\/","title":{"rendered":"Nachhaltigkeit"},"content":{"rendered":"\t\t<div data-elementor-type=\"wp-post\" data-elementor-id=\"3060\" class=\"elementor elementor-3060 elementor-969\" data-elementor-post-type=\"page\">\n\t\t\t\t<div class=\"elementor-element elementor-element-0696ab5 e-flex e-con-boxed e-con e-parent\" data-id=\"0696ab5\" data-element_type=\"container\" data-e-type=\"container\" data-settings=\"{&quot;background_background&quot;:&quot;classic&quot;}\">\n\t\t\t\t\t<div class=\"e-con-inner\">\n\t\t\t\t<div class=\"elementor-element elementor-element-5b2e682 elementor-invisible elementor-widget elementor-widget-heading\" data-id=\"5b2e682\" data-element_type=\"widget\" data-e-type=\"widget\" data-settings=\"{&quot;_animation&quot;:&quot;zoomIn&quot;}\" data-widget_type=\"heading.default\">\n\t\t\t\t\t<h1 class=\"elementor-heading-title elementor-size-default\">Nachhaltigkeit<\/h1>\t\t\t\t<\/div>\n\t\t\t\t<div class=\"elementor-element elementor-element-56abb90 animated-slow elementor-widget__width-initial elementor-invisible elementor-widget elementor-widget-text-editor\" data-id=\"56abb90\" data-element_type=\"widget\" data-e-type=\"widget\" data-settings=\"{&quot;_animation&quot;:&quot;fadeIn&quot;}\" data-widget_type=\"text-editor.default\">\n\t\t\t\t\t\t\t\t\t<p>Axtra engagiert sich f\u00fcr Nachhaltigkeit und Umweltverantwortung. Wir beziehen unser Holz aus nachhaltig bewirtschafteten W\u00e4ldern, um die Auswirkungen auf das \u00d6kosystem zu minimieren. Unsere Einrichtung ist mit energieeffizienter Beleuchtung und Recyclingprogrammen ausgestattet, um Abfall zu reduzieren. Wir sind der \u00dcberzeugung, dass der Genuss des Nervenkitzels beim Axtwerfen nicht auf Kosten des Planeten gehen sollte.<\/p>\t\t\t\t\t\t\t\t<\/div>\n\t\t\t\t\t<\/div>\n\t\t\t\t<\/div>\n\t\t<div class=\"elementor-element elementor-element-d3b62b0 e-con-full e-flex e-con e-parent\" data-id=\"d3b62b0\" data-element_type=\"container\" data-e-type=\"container\" data-settings=\"{&quot;background_background&quot;:&quot;classic&quot;}\">\n\t\t<div class=\"elementor-element elementor-element-6b342cf e-con-full animated-slow e-flex elementor-invisible e-con e-child\" data-id=\"6b342cf\" data-element_type=\"container\" data-e-type=\"container\" data-settings=\"{&quot;animation&quot;:&quot;fadeIn&quot;,&quot;animation_delay&quot;:300}\">\n\t\t\t\t<div class=\"elementor-element elementor-element-8875506 elementor-widget elementor-widget-heading\" data-id=\"8875506\" data-element_type=\"widget\" data-e-type=\"widget\" data-widget_type=\"heading.default\">\n\t\t\t\t\t<h2 class=\"elementor-heading-title elementor-size-default\">Tree Huggers Unite!<\/h2>\t\t\t\t<\/div>\n\t\t\t\t<div class=\"elementor-element elementor-element-79b6e33 elementor-widget elementor-widget-spacer\" data-id=\"79b6e33\" data-element_type=\"widget\" data-e-type=\"widget\" data-widget_type=\"spacer.default\">\n\t\t\t\t\t\t\t<div class=\"elementor-spacer\">\n\t\t\t<div class=\"elementor-spacer-inner\"><\/div>\n\t\t<\/div>\n\t\t\t\t\t\t<\/div>\n\t\t\t\t<div class=\"elementor-element elementor-element-972e98c animated-slow elementor-invisible elementor-widget elementor-widget-text-editor\" data-id=\"972e98c\" data-element_type=\"widget\" data-e-type=\"widget\" data-settings=\"{&quot;_animation&quot;:&quot;fadeIn&quot;}\" data-widget_type=\"text-editor.default\">\n\t\t\t\t\t\t\t\t\t<p>Hier bei Axtra \u2013 Urban Axe Throwing geht es uns darum, eine gute Zeit zu haben und gleichzeitig die Umwelt zu sch\u00fctzen! Daf\u00fcr ben\u00f6tigen wir Holz, das von B\u00e4umen stammt. Es geh\u00f6rt zu unseren Grunds\u00e4tzen, immer das Beste f\u00fcr die Umwelt zu tun. Daher verwenden wir, wo immer wir k\u00f6nnen, Produkte aus der Schweiz. Unsere Axtwurf-Anlage nutzt Pappelholz aus Graub\u00fcnden.<\/p>\t\t\t\t\t\t\t\t<\/div>\n\t\t\t\t<div class=\"elementor-element elementor-element-9c0e506 elementor-widget elementor-widget-button\" data-id=\"9c0e506\" data-element_type=\"widget\" data-e-type=\"widget\" data-widget_type=\"button.default\">\n\t\t\t\t\t\t\t\t\t\t<a class=\"elementor-button elementor-button-link elementor-size-sm\" href=\"#\">\n\t\t\t\t\t\t<span class=\"elementor-button-content-wrapper\">\n\t\t\t\t\t\t<span class=\"elementor-button-icon\">\n\t\t\t\t<svg aria-hidden=\"true\" class=\"e-font-icon-svg e-fas-leaf\" viewBox=\"0 0 576 512\" xmlns=\"http:\/\/www.w3.org\/2000\/svg\"><path d=\"M546.2 9.7c-5.6-12.5-21.6-13-28.3-1.2C486.9 62.4 431.4 96 368 96h-80C182 96 96 182 96 288c0 7 .8 13.7 1.5 20.5C161.3 262.8 253.4 224 384 224c8.8 0 16 7.2 16 16s-7.2 16-16 16C132.6 256 26 410.1 2.4 468c-6.6 16.3 1.2 34.9 17.5 41.6 16.4 6.8 35-1.1 41.8-17.3 1.5-3.6 20.9-47.9 71.9-90.6 32.4 43.9 94 85.8 174.9 77.2C465.5 467.5 576 326.7 576 154.3c0-50.2-10.8-102.2-29.8-144.6z\"><\/path><\/svg>\t\t\t<\/span>\n\t\t\t\t\t\t\t\t\t<span class=\"elementor-button-text\">THROW FOR TREES<\/span>\n\t\t\t\t\t<\/span>\n\t\t\t\t\t<\/a>\n\t\t\t\t\t\t\t\t<\/div>\n\t\t\t\t<\/div>\n\t\t<div class=\"elementor-element elementor-element-4ee05ed e-con-full e-flex e-con e-child\" data-id=\"4ee05ed\" data-element_type=\"container\" data-e-type=\"container\" data-settings=\"{&quot;background_background&quot;:&quot;classic&quot;}\">\n\t\t\t\t<\/div>\n\t\t\t\t<\/div>\n\t\t<div class=\"elementor-element elementor-element-5665e6b e-con-full e-flex e-con e-parent\" data-id=\"5665e6b\" data-element_type=\"container\" data-e-type=\"container\" data-settings=\"{&quot;background_background&quot;:&quot;classic&quot;}\">\n\t\t<div class=\"elementor-element elementor-element-1d57c1d e-con-full e-flex e-con e-child\" data-id=\"1d57c1d\" data-element_type=\"container\" data-e-type=\"container\" data-settings=\"{&quot;background_background&quot;:&quot;classic&quot;}\">\n\t\t\t\t<\/div>\n\t\t<div class=\"elementor-element elementor-element-af1234f e-con-full animated-slow e-flex elementor-invisible e-con e-child\" data-id=\"af1234f\" data-element_type=\"container\" data-e-type=\"container\" data-settings=\"{&quot;animation&quot;:&quot;fadeIn&quot;,&quot;animation_delay&quot;:300}\">\n\t\t\t\t<div class=\"elementor-element elementor-element-425517f elementor-widget elementor-widget-heading\" data-id=\"425517f\" data-element_type=\"widget\" data-e-type=\"widget\" data-widget_type=\"heading.default\">\n\t\t\t\t\t<h2 class=\"elementor-heading-title elementor-size-default\">ihr event mit axtra<\/h2>\t\t\t\t<\/div>\n\t\t\t\t<div class=\"elementor-element elementor-element-c590292 elementor-widget elementor-widget-spacer\" data-id=\"c590292\" data-element_type=\"widget\" data-e-type=\"widget\" data-widget_type=\"spacer.default\">\n\t\t\t\t\t\t\t<div class=\"elementor-spacer\">\n\t\t\t<div class=\"elementor-spacer-inner\"><\/div>\n\t\t<\/div>\n\t\t\t\t\t\t<\/div>\n\t\t\t\t<div class=\"elementor-element elementor-element-f9da12f animated-slow elementor-invisible elementor-widget elementor-widget-text-editor\" data-id=\"f9da12f\" data-element_type=\"widget\" data-e-type=\"widget\" data-settings=\"{&quot;_animation&quot;:&quot;fadeIn&quot;}\" data-widget_type=\"text-editor.default\">\n\t\t\t\t\t\t\t\t\t<p><strong>Objectively orchestrate alternative alignments before goal-oriented networks. Enthusiastically strategize standards.<\/strong><\/p><p>Uniquely formulate long-term high-impact interfaces before premier metrics. Enthusiastically fashion visionary supply chains vis-a-vis future-proof manufactured products. Competently revolutionize visionary innovation with cross-media networks.<\/p>\t\t\t\t\t\t\t\t<\/div>\n\t\t\t\t<div class=\"elementor-element elementor-element-cf05854 elementor-widget elementor-widget-button\" data-id=\"cf05854\" data-element_type=\"widget\" data-e-type=\"widget\" data-widget_type=\"button.default\">\n\t\t\t\t\t\t\t\t\t\t<a class=\"elementor-button elementor-button-link elementor-size-sm\" href=\"#\">\n\t\t\t\t\t\t<span class=\"elementor-button-content-wrapper\">\n\t\t\t\t\t\t<span class=\"elementor-button-icon\">\n\t\t\t\t<svg aria-hidden=\"true\" class=\"e-font-icon-svg e-fas-leaf\" viewBox=\"0 0 576 512\" xmlns=\"http:\/\/www.w3.org\/2000\/svg\"><path d=\"M546.2 9.7c-5.6-12.5-21.6-13-28.3-1.2C486.9 62.4 431.4 96 368 96h-80C182 96 96 182 96 288c0 7 .8 13.7 1.5 20.5C161.3 262.8 253.4 224 384 224c8.8 0 16 7.2 16 16s-7.2 16-16 16C132.6 256 26 410.1 2.4 468c-6.6 16.3 1.2 34.9 17.5 41.6 16.4 6.8 35-1.1 41.8-17.3 1.5-3.6 20.9-47.9 71.9-90.6 32.4 43.9 94 85.8 174.9 77.2C465.5 467.5 576 326.7 576 154.3c0-50.2-10.8-102.2-29.8-144.6z\"><\/path><\/svg>\t\t\t<\/span>\n\t\t\t\t\t\t\t\t\t<span class=\"elementor-button-text\">THROW FOR TREES<\/span>\n\t\t\t\t\t<\/span>\n\t\t\t\t\t<\/a>\n\t\t\t\t\t\t\t\t<\/div>\n\t\t\t\t<\/div>\n\t\t\t\t<\/div>\n\t\t<div class=\"elementor-element elementor-element-e33cdeb e-flex e-con-boxed e-con e-parent\" data-id=\"e33cdeb\" data-element_type=\"container\" data-e-type=\"container\" data-settings=\"{&quot;background_background&quot;:&quot;classic&quot;}\">\n\t\t\t\t\t<div class=\"e-con-inner\">\n\t\t\t\t<div class=\"elementor-element elementor-element-1e5a38d elementor-widget elementor-widget-heading\" data-id=\"1e5a38d\" data-element_type=\"widget\" data-e-type=\"widget\" data-widget_type=\"heading.default\">\n\t\t\t\t\t<h2 class=\"elementor-heading-title elementor-size-default\">WIEDERVERWERTUNG<\/h2>\t\t\t\t<\/div>\n\t\t\t\t<div class=\"elementor-element elementor-element-3b95b38 elementor-widget elementor-widget-heading\" data-id=\"3b95b38\" data-element_type=\"widget\" data-e-type=\"widget\" data-widget_type=\"heading.default\">\n\t\t\t\t\t<h3 class=\"elementor-heading-title elementor-size-default\">Vorstellung des Schmiedes!<\/h3>\t\t\t\t<\/div>\n\t\t\t\t<div class=\"elementor-element elementor-element-0b8bb4a animated-slow elementor-invisible elementor-widget elementor-widget-text-editor\" data-id=\"0b8bb4a\" data-element_type=\"widget\" data-e-type=\"widget\" data-settings=\"{&quot;_animation&quot;:&quot;fadeIn&quot;}\" data-widget_type=\"text-editor.default\">\n\t\t\t\t\t\t\t\t\t<p>Unser neues Konzept, bei dem wir Axtk\u00f6pfe recyceln, um Ihnen zu zeigen, wie Sie Ihre eigene Axt herstellen k\u00f6nnen! Die \u00c4xte erhalten ein zweites Leben, und Sie k\u00f6nnen der Welt zeigen, wie beeindruckend Sie sind. Klicken Sie hier, um Ihre Axt-Herstellungssitzung mit uns zu buchen!<\/p>\t\t\t\t\t\t\t\t<\/div>\n\t\t\t\t<div class=\"elementor-element elementor-element-586ac2b elementor-align-center elementor-widget elementor-widget-button\" data-id=\"586ac2b\" data-element_type=\"widget\" data-e-type=\"widget\" data-widget_type=\"button.default\">\n\t\t\t\t\t\t\t\t\t\t<a class=\"elementor-button elementor-size-sm\" role=\"button\">\n\t\t\t\t\t\t<span class=\"elementor-button-content-wrapper\">\n\t\t\t\t\t\t<span class=\"elementor-button-icon\">\n\t\t\t\t<svg xmlns=\"http:\/\/www.w3.org\/2000\/svg\" xmlns:xlink=\"http:\/\/www.w3.org\/1999\/xlink\" id=\"Layer_1\" x=\"0px\" y=\"0px\" width=\"257px\" height=\"210px\" viewBox=\"0 0 257 210\" xml:space=\"preserve\"><path d=\"M40.03,0.62c6.55,1.02,9,5.64,13.71,9.44c3.02-2.73,5.92-5.84,9.34-8.08c1.36-1.01,3.36,0.6,4.44,1.47 c8,7.01,16.09,13.95,24.04,21.01c1.39,1.01,1.59,3.14,0.24,4.27c-3.51,3.18-7.02,6.35-10.52,9.56 c15.55,16.05,31.34,31.89,46.9,47.93c2.5-2.18,4.72-4.63,7.089-6.95c13.33-13.7,26.83-27.26,40.221-40.92 c-3.4-3.24-6.971-6.27-10.42-9.45c-1.53-1.34-1.34-3.36,0.24-4.57c7.75-6.93,15.699-13.66,23.479-20.56 c1.46-1.18,3.149-2.95,5.13-1.65c3.29,2.39,6.2,5.35,9.25,8.04c4.061-3.94,6.91-8.09,12.801-9.44 c7.719-0.89,16.729,6.07,15.229,14.39c-1.101,4.67-6.39,8.12-9.37,11.73c7.641,6.69,15.55,12.56,25.17,16.12 c3.23,1.28,6.68,1.55,9.93,2.79c-2.15,6.53-5.99,12.54-10.39,17.78c-8.54,9.75-20.19,17.96-32.899,21.03 c-0.551-0.85-1.07-1.7-1.561-2.58c-4.551-9.4-11.71-17.88-18.73-25.55c-14.14,14.49-28.09,29.18-42.209,43.7 c-10.65,11.04-21.08,22.2-32.181,32.83c-24.23,24.21-48.92,48.63-73.29,72.72c-2.88,2.74-6.66,4.37-10.68,3.94 c-6.38-0.83-12.85-5.601-12.22-12.69c0.46-5.47,6.02-8.859,9.37-12.81c26.06-26.32,51.85-52.899,77.96-79.17 C94.61,88.66,78.91,72.56,63.33,56.36c-7.83,8.6-15.03,17.58-20.1,28.12c-6.67-1.3-12.79-4.48-18.45-8.14 C13.89,69.17,4.52,58.81,0,46.45v-0.87c4.07-1.17,8.14-1.73,12.01-3.55c8.59-3.59,15.86-9.05,22.83-15.13 c-3.16-4.12-10.09-8.19-9.39-13.9C25.4,5.73,33.28,0.35,40.03,0.62z\"><\/path><path d=\"M162.54,123.62c4.271,1.149,7.26,4.55,10.271,7.569c17.029,17.631,34.359,34.971,51.399,52.601 c3.44,4,10.28,8.34,9.63,14.229c0.36,7.23-8.4,12.381-14.869,11.58c-5.891-0.709-8.791-5.02-12.871-8.689 c-16.89-16.78-33.689-33.66-50.56-50.45c-2.49-2.51-4.569-5.46-6.8-8.21c-1.52-1.82-2.52-3.8-2.48-6.23 C146.23,128.279,155.221,121.971,162.54,123.62z\"><\/path><\/svg>\t\t\t<\/span>\n\t\t\t\t\t\t\t\t\t<span class=\"elementor-button-text\">ERSTELLE EINE AXT<\/span>\n\t\t\t\t\t<\/span>\n\t\t\t\t\t<\/a>\n\t\t\t\t\t\t\t\t<\/div>\n\t\t\t\t\t<\/div>\n\t\t\t\t<\/div>\n\t\t\t\t<\/div>\n\t\t","protected":false},"excerpt":{"rendered":"<p>Nachhaltigkeit Axtra engagiert sich f\u00fcr Nachhaltigkeit und Umweltverantwortung. Wir beziehen unser Holz aus nachhaltig bewirtschafteten W\u00e4ldern, um die Auswirkungen auf das \u00d6kosystem zu minimieren. Unsere Einrichtung ist mit energieeffizienter Beleuchtung und Recyclingprogrammen ausgestattet, um Abfall zu reduzieren. Wir sind der \u00dcberzeugung, dass der Genuss des Nervenkitzels beim Axtwerfen nicht auf Kosten des Planeten gehen sollte. [&hellip;]<\/p>\n","protected":false},"author":1,"featured_media":3061,"parent":0,"menu_order":0,"comment_status":"closed","ping_status":"closed","template":"","meta":{"_acf_changed":false,"footnotes":""},"class_list":["post-3060","page","type-page","status-publish","has-post-thumbnail","hentry"],"acf":[],"_links":{"self":[{"href":"https:\/\/axtra.ch\/de\/wp-json\/wp\/v2\/pages\/3060","targetHints":{"allow":["GET"]}}],"collection":[{"href":"https:\/\/axtra.ch\/de\/wp-json\/wp\/v2\/pages"}],"about":[{"href":"https:\/\/axtra.ch\/de\/wp-json\/wp\/v2\/types\/page"}],"author":[{"embeddable":true,"href":"https:\/\/axtra.ch\/de\/wp-json\/wp\/v2\/users\/1"}],"replies":[{"embeddable":true,"href":"https:\/\/axtra.ch\/de\/wp-json\/wp\/v2\/comments?post=3060"}],"version-history":[{"count":0,"href":"https:\/\/axtra.ch\/de\/wp-json\/wp\/v2\/pages\/3060\/revisions"}],"wp:featuredmedia":[{"embeddable":true,"href":"https:\/\/axtra.ch\/de\/wp-json\/wp\/v2\/media\/3061"}],"wp:attachment":[{"href":"https:\/\/axtra.ch\/de\/wp-json\/wp\/v2\/media?parent=3060"}],"curies":[{"name":"wp","href":"https:\/\/api.w.org\/{rel}","templated":true}]}}